{"id":717,"date":"2022-05-13T18:34:57","date_gmt":"2022-05-13T18:34:57","guid":{"rendered":"https:\/\/vidatech.com.br\/loja\/produto\/alimentador-automatico-inteligente-para-animais-de-estimacao-gravacao-de-voz-tela-lcd-temporizador\/"},"modified":"2024-04-18T22:40:47","modified_gmt":"2024-04-18T22:40:47","slug":"alimentador-automatico-inteligente-para-animais-de-estimacao-gravacao-de-voz-tela-lcd-temporizador","status":"publish","type":"product","link":"https:\/\/vidatech.com.br\/loja\/produto\/alimentador-automatico-inteligente-para-animais-de-estimacao-gravacao-de-voz-tela-lcd-temporizador\/","title":{"rendered":"Alimentador Autom\u00e1tico Inteligente para Animais de Estima\u00e7\u00e3o Grava\u00e7\u00e3o de Voz Tela LCD Temporizador"},"content":{"rendered":"<p><img decoding=\"async\" src=\"https:\/\/ae01.alicdn.com\/kf\/S33fda8ba34674e6b950729842d48e92a4.jpg\" \/><img fetchpriority=\"high\" decoding=\"async\" width=\"944\" height=\"378\" src=\"https:\/\/ae01.alicdn.com\/kf\/Sb35184307124417587dc90b8f0cc09f5I.png\" \/><\/p>\n<p><span style=\"font-size:20px;, Helvetica, Roboto, Arial, sans-serif\">Plugue autom\u00e1tico alimentadores para animais de estima\u00e7\u00e3o com registro voz a\u00e7o inoxid\u00e1vel tigela comida para c\u00e3es gato autom\u00e1tico tela lcd temporizador dispensador de alimentos<\/span><\/p>\n<p><span style=\"font-size:20px;, Helvetica, Roboto, Arial, sans-serif\">Descri\u00e7\u00e3o do produto:<\/span><\/p>\n<p><span style=\"font-size:20px;, Helvetica, Roboto, Arial, sans-serif\">Personalize o tempo e a quantidade de alimenta\u00e7\u00e3o<\/span><\/p>\n<p><span style=\"font-size:20px;, Helvetica, Roboto, Arial, sans-serif\">Este alimentador autom\u00e1tico para animais de estima\u00e7\u00e3o oferece tamanhos flex\u00edveis de refei\u00e7\u00f5es de 1 a 20 por\u00e7\u00f5es por refei\u00e7\u00e3o, 5 gramas por refei\u00e7\u00e3o e uma capacidade do recipiente de 3,5 litros.<\/span><\/p>\n<p><span style=\"font-size:20px;, Helvetica, Roboto, Arial, sans-serif\">Lembrete de grava\u00e7\u00e3o<\/span><br \/><span style=\"font-size:20px;, Helvetica, Roboto, Arial, sans-serif\">Este alimentador est\u00e1 equipado com um gravador de voz e alto-falante, que pode gravar sua voz por 12 segundos para chamar seu cachorro ou gatinho para comer. Sua voz pessoal evitar\u00e1 que seu animal de estima\u00e7\u00e3o fique sozinho ou perca a refei\u00e7\u00e3o quando a comida estiver pronta.<\/span><\/p>\n<p><span style=\"font-size:20px;, Helvetica, Roboto, Arial, sans-serif\">Refei\u00e7\u00f5es di\u00e1rias precisas<\/span><br \/><span style=\"font-size:20px;, Helvetica, Roboto, Arial, sans-serif\">Depois de definir o volume de cada refei\u00e7\u00e3o, a quantidade exata de comida ajudar\u00e1 seu animal de estima\u00e7\u00e3o a manter bons h\u00e1bitos e manter a dieta.<\/span><\/p>\n<p><span style=\"font-size:20px;, Helvetica, Roboto, Arial, sans-serif\">Sensor infravermelho embutido<\/span><br \/><span style=\"font-size:20px;, Helvetica, Roboto, Arial, sans-serif\">Este alimentador autom\u00e1tico para animais de estima\u00e7\u00e3o possui sensor infravermelho embutido, quando a tigela \u00e9 preenchida com mais de 1 cent\u00edmetro c\u00fabico de tamanho de comida seca, a m\u00e1quina parar\u00e1 automaticamente para evitar que a comida do animal entupa ou transborde.<\/span><\/p>\n<p><span style=\"font-size:20px;, Helvetica, Roboto, Arial, sans-serif\">Fornecimento de bateria de backup<\/span><br \/><span style=\"font-size:20px;, Helvetica, Roboto, Arial, sans-serif\">O alimentador pode ser alimentado por um adaptador de energia ou 3 baterias do tipo D (baterias n\u00e3o inclu\u00eddas). Esta bateria pode manter o alimentador funcionando por mais de 6 meses sem se preocupar com problemas de energia quando voc\u00ea estiver fora de casa ou de f\u00e9rias.<\/span><\/p>\n<p><span style=\"font-size:20px;, Helvetica, Roboto, Arial, sans-serif\">Ficha T\u00e9cnica:<\/span><br \/><span style=\"font-size:20px;, Helvetica, Roboto, Arial, sans-serif\">&#8211; Prote\u00e7\u00e3o ambiental importada<\/span><br \/><span style=\"font-size:20px;, Helvetica, Roboto, Arial, sans-serif\">&#8211; Fonte de alimenta\u00e7\u00e3o dupla: Externa<\/span><br \/><span style=\"font-size:20px;, Helvetica, Roboto, Arial, sans-serif\">&#8211; Alimenta\u00e7\u00e3o: Modo de bateria.<\/span><br \/><span style=\"font-size:20px;, Helvetica, Roboto, Arial, sans-serif\">&#8211; Dimens\u00f5es: 37*20*19cm<\/span><br \/><span style=\"font-size:20px;, Helvetica, Roboto, Arial, sans-serif\">&#8211; Peso: 1,7kg<\/span><\/p>\n<p><span style=\"font-size:20px;, Helvetica, Roboto, Arial, sans-serif\">Material: ABS<\/span><\/p>\n<p><span style=\"font-size:20px;, Helvetica, Roboto, Arial, sans-serif\">Cont\u00e9m:<\/span><br \/><span style=\"font-size:20px;, Helvetica, Roboto, Arial, sans-serif\">1 Alimentador Autom\u00e1tico PET USB 3,5L Robotizado Com Registro De Voz<\/span><br \/><span style=\"font-size:20px;, Helvetica, Roboto, Arial, sans-serif\">1 Tigela<\/span><br \/><span style=\"font-size:20px;, Helvetica, Roboto, Arial, sans-serif\">1 Manual De Instru\u00e7\u00f5es<\/span><br \/><span style=\"font-size:20px;, Helvetica, Roboto, Arial, sans-serif\">Adaptador e bateria n\u00e3o inclu\u00eddos<\/span><\/p>\n<p><span style=\"font-size:20px;, Helvetica, Roboto, Arial, sans-serif\">Pontas:<\/span><br \/><span style=\"font-size:20px;, Helvetica, Roboto, Arial, sans-serif\">1.Baterias de tamanho D N\u00c3O est\u00e3o inclu\u00eddas.<\/span><br \/><span style=\"font-size:20px;, Helvetica, Roboto, Arial, sans-serif\">2.O alimentador para animais de estima\u00e7\u00e3o \u00e9 adequado para animais de estima\u00e7\u00e3o com menos de 15 kg.<\/span><br \/><span style=\"font-size:20px;, Helvetica, Roboto, Arial, sans-serif\">3.Adequado apenas para alimentos secos.<\/span><br \/><span style=\"font-size:20px;, Helvetica, Roboto, Arial, sans-serif\">4.Por favor, use o adaptador de energia e as baterias ao mesmo tempo para evitar que o alimentador seja reiniciado quando a energia estiver desligada.<\/span><br \/><span style=\"font-size:20px;, Helvetica, Roboto, Arial, sans-serif\">5.Depois de instalar as baterias, gire o bot\u00e3o inferior para o local \u201cI\u201d para garantir que as baterias funcionem.<\/span><\/p>\n<p><img decoding=\"async\" width=\"1000\" height=\"1520\" src=\"https:\/\/ae01.alicdn.com\/kf\/Sbbb6c23836ff47ad93f141b617b96dbcP.jpg\" \/><img decoding=\"async\" width=\"1000\" height=\"1159\" src=\"https:\/\/ae01.alicdn.com\/kf\/Sd0dc0971e8674af9860612ef42b35632G.jpg\" \/><img loading=\"lazy\" decoding=\"async\" width=\"1000\" height=\"1387\" src=\"https:\/\/ae01.alicdn.com\/kf\/S8b1caf84508f4a91a634d977f52533a5Q.jpg\" \/><img loading=\"lazy\" decoding=\"async\" width=\"1000\" height=\"1516\" src=\"https:\/\/ae01.alicdn.com\/kf\/S124e55d9938f406c9d685de5dc931fceL.jpg\" \/><img loading=\"lazy\" decoding=\"async\" width=\"1000\" height=\"1684\" src=\"https:\/\/ae01.alicdn.com\/kf\/Sc805e3f28bae41a691c997b884a37f156.jpg\" \/><img loading=\"lazy\" decoding=\"async\" width=\"1000\" height=\"1256\" src=\"https:\/\/ae01.alicdn.com\/kf\/Sb542377a752f40b5a64ecfebdff09f8bM.jpg\" \/><img loading=\"lazy\" decoding=\"async\" width=\"1000\" height=\"1708\" src=\"https:\/\/ae01.alicdn.com\/kf\/Sb681753d8b4143ab82ca061575caf746L.jpg\" \/><img loading=\"lazy\" decoding=\"async\" width=\"1000\" height=\"1737\" src=\"https:\/\/ae01.alicdn.com\/kf\/Sba3cc673dd044cf1b92337b8686f952bv.jpg\" \/><img loading=\"lazy\" decoding=\"async\" width=\"1000\" height=\"1286\" src=\"https:\/\/ae01.alicdn.com\/kf\/Sff184ff12c2b486eb49d2b55aeafdb33v.jpg\" \/><img loading=\"lazy\" decoding=\"async\" width=\"1000\" height=\"1616\" src=\"https:\/\/ae01.alicdn.com\/kf\/S1916a6827f3341f99015fbce7453e831v.jpg\" \/><img loading=\"lazy\" decoding=\"async\" width=\"1000\" height=\"1062\" src=\"https:\/\/ae01.alicdn.com\/kf\/S6b31b20d04ff48ae95d11eb0d50a03afw.jpg\" \/><img loading=\"lazy\" decoding=\"async\" width=\"1000\" height=\"1169\" src=\"https:\/\/ae01.alicdn.com\/kf\/S2663a24cd8f447b198d0bb8c21ee22a7I.jpg\" \/><img loading=\"lazy\" decoding=\"async\" width=\"1000\" height=\"1316\" src=\"https:\/\/ae01.alicdn.com\/kf\/S5af8056a21b747c79db3c6448a2c01a3u.jpg\" \/><img loading=\"lazy\" decoding=\"async\" width=\"1000\" height=\"1711\" src=\"https:\/\/ae01.alicdn.com\/kf\/Sc2ae04251be6411abef45cfcb64fb596y.jpg\" \/><img loading=\"lazy\" decoding=\"async\" width=\"1000\" height=\"1000\" src=\"https:\/\/ae01.alicdn.com\/kf\/S296b12b6309b40a69d25eec7d04e0a97A.jpg\" \/><img decoding=\"async\" src=\"https:\/\/ae01.alicdn.com\/kf\/Sf5f6284632e24863a1c0c7589de758a78.jpg\" \/><img decoding=\"async\" src=\"https:\/\/ae01.alicdn.com\/kf\/S8fdded23676d43cd8da454e12315c007b.jpg\" \/><img decoding=\"async\" src=\"https:\/\/ae01.alicdn.com\/kf\/S8d4a5f14fced495da7cf53f4d23438e3D.jpg\" \/><img decoding=\"async\" src=\"https:\/\/ae01.alicdn.com\/kf\/S93ce8e96e7334109aa0beec72f12d4b3F.jpg\" \/><img decoding=\"async\" src=\"https:\/\/ae01.alicdn.com\/kf\/S11af3c21ba304948bdd3df71797514edk.jpg\" \/><img decoding=\"async\" src=\"https:\/\/ae01.alicdn.com\/kf\/S620d109e6d334ce5a18d588a2cb73d16z.jpg\" \/><\/p>\n","protected":false},"excerpt":{"rendered":"<p>Plugue autom\u00e1tico alimentadores para animais de estima\u00e7\u00e3o com registro voz a\u00e7o inoxid\u00e1vel tigela comida para c\u00e3es gato autom\u00e1tico tela lcd temporizador dispensador de alimentos Descri\u00e7\u00e3o do produto: Personalize o tempo e a quantidade de alimenta\u00e7\u00e3o Este alimentador autom\u00e1tico para animais de estima\u00e7\u00e3o oferece tamanhos flex\u00edveis de refei\u00e7\u00f5es de 1 a 20 por\u00e7\u00f5es por refei\u00e7\u00e3o, 5 [&hellip;]<\/p>\n","protected":false},"featured_media":716,"template":"","meta":[],"product_cat":[20,15],"product_tag":[],"_links":{"self":[{"href":"https:\/\/vidatech.com.br\/loja\/wp-json\/wp\/v2\/product\/717"}],"collection":[{"href":"https:\/\/vidatech.com.br\/loja\/wp-json\/wp\/v2\/product"}],"about":[{"href":"https:\/\/vidatech.com.br\/loja\/wp-json\/wp\/v2\/types\/product"}],"wp:featuredmedia":[{"embeddable":true,"href":"https:\/\/vidatech.com.br\/loja\/wp-json\/wp\/v2\/media\/716"}],"wp:attachment":[{"href":"https:\/\/vidatech.com.br\/loja\/wp-json\/wp\/v2\/media?parent=717"}],"wp:term":[{"taxonomy":"product_cat","embeddable":true,"href":"https:\/\/vidatech.com.br\/loja\/wp-json\/wp\/v2\/product_cat?post=717"},{"taxonomy":"product_tag","embeddable":true,"href":"https:\/\/vidatech.com.br\/loja\/wp-json\/wp\/v2\/product_tag?post=717"}],"curies":[{"name":"wp","href":"https:\/\/api.w.org\/{rel}","templated":true}]}}