{"id":310,"date":"2022-05-07T14:39:23","date_gmt":"2022-05-07T14:39:23","guid":{"rendered":"https:\/\/vidatech.com.br\/loja\/produto\/xiaomi-redmi-airdots-s-original-xiaomi-airdots-2-with-bluetooth-5-0-for-gaming-headset-wireless-earbuds-with-mic-voice-control\/"},"modified":"2024-05-02T14:14:17","modified_gmt":"2024-05-02T14:14:17","slug":"xiaomi-redmi-airdots-s-original-xiaomi-airdots-2-with-bluetooth-5-0-for-gaming-headset-wireless-earbuds-with-mic-voice-control","status":"publish","type":"product","link":"https:\/\/vidatech.com.br\/loja\/produto\/xiaomi-redmi-airdots-s-original-xiaomi-airdots-2-with-bluetooth-5-0-for-gaming-headset-wireless-earbuds-with-mic-voice-control\/","title":{"rendered":"Xiaomi Redmi Airdots s Original"},"content":{"rendered":"<p>&nbsp;<\/p>\n<p>&nbsp;<\/p>\n<p>&nbsp;<\/p>\n<p><strong><span style=\"font-size: 18px; font-family: arial, helvetica, sans-serif;\">Sobre Dropshipping:<\/span><\/strong><\/p>\n<p>&nbsp;<\/p>\n<p><span style=\"font-family: arial, helvetica, sans-serif;\">1. aceite dropshipping, e n\u00f3s n\u00e3o colocaremos nenhuma fatura, c\u00f3digos qr, promo\u00e7\u00f5es no envio, ent\u00e3o n\u00e3o se preocupe, basta compr\u00e1-lo, n\u00f3s faremos qualquer coisa bem para voc\u00ea.<\/span><\/p>\n<p><span style=\"font-family: arial, helvetica, sans-serif;\">2. garantimos que cada dispositivo seja testado com rigor antes de ser enviado para fora, para que todos os produtos possam garantir 100% de alta qualidade antes de ser enviado.<\/span><\/p>\n<p><span style=\"font-family: arial, helvetica, sans-serif;\">Muito obrigado!!!<\/span><\/p>\n<p>&nbsp;<\/p>\n<p>&nbsp;<\/p>\n<p>&nbsp;<\/p>\n<div class=\"detailmodule_text\">\n<p style=\"text-align: center;\" align=\"center\"><span style=\"font-size: 20px; font-family: arial, helvetica, sans-serif;\">Xiaomi Redmi Airdots s Original Xiaomi Airdots 2 with Bluetooth 5.0 for Gaming Headset Wireless Earbuds with Mic Voice Control <\/span><\/p>\n<p style=\"text-align: center;\" align=\"center\"><img decoding=\"async\" src=\"https:\/\/ae01.alicdn.com\/kf\/Hca64b055f1b64ba8ae9f900a9eab5cdaZ.jpg\" \/><\/p>\n<\/div>\n<p><span style=\"font-size: 20px;\">Note: <\/span>The standard package doesn&#8217;t include a charging cable ,you need to purchase separately .<\/p>\n<p>&nbsp;<\/p>\n<p><img decoding=\"async\" src=\"https:\/\/ae01.alicdn.com\/kf\/H3bf7738b7c764426886fc2a4eb3aac388.jpg\" \/><br \/>\n<span style=\"font-size: 16px;\"><strong>New and old packages are delivered randomly .<\/strong><\/span><\/p>\n<p>&nbsp;<\/p>\n<p>&nbsp;<\/p>\n<p>&nbsp;<\/p>\n<p>&nbsp;<\/p>\n<p>&nbsp;<\/p>\n<div class=\"detailmodule_media\">\n<div class=\"video-container-308556024424\">\n<div id=\"308556024424\" class=\"detail-video\" data-previewurl=\"https:\/\/img.alicdn.com\/imgextra\/i2\/6000000005923\/O1CN012YOIcC1tcmZk5oblV_!!6000000005923-0-tbvideo.jpg\"><\/div>\n<\/div>\n<\/div>\n<p>&nbsp;<\/p>\n<p>&nbsp;<\/p>\n<p>&nbsp;<\/p>\n<p>&nbsp;<\/p>\n<p>&nbsp;<\/p>\n<p>&nbsp;<\/p>\n<p>&nbsp;<\/p>\n<div class=\"detailmodule_text\">\n<p class=\"detail-desc-decorate-title\" style=\"font-family: OpenSans; font-size: 20px; font-weight: 900; line-height: 28px; margin-bottom: 12px;\">Earbuds:<\/p>\n<p class=\"detail-desc-decorate-content\" style=\"font-family: OpenSans; font-size: 14px; font-weight: 300; line-height: 20px; margin-bottom: 12px;\">Wireless Range:10m(in an obstacle-free environment)<br \/>\nBattery Capacity:43mAh(per earbud)<br \/>\nCharging Time:Approx.1.5h<br \/>\nTalk Time:Approx. 4h<br \/>\nStandby Time:Approx. 150h<br \/>\nInput:5V==100mA<br \/>\nBattery Type:Lithium Polymer<br \/>\nWireless connectivity: Bluetooth 5.0<br \/>\nBluetooth Profiles: HFP\/A2DP\/ HSP\/AVRCP<\/p>\n<\/div>\n<div class=\"detailmodule_text\">\n<p class=\"detail-desc-decorate-title\" style=\"font-family: OpenSans; font-size: 20px; font-weight: 900; line-height: 28px; margin-bottom: 12px;\">Charging Case:<\/p>\n<p class=\"detail-desc-decorate-content\" style=\"font-family: OpenSans; font-size: 14px; font-weight: 300; line-height: 20px; margin-bottom: 12px;\">Input:5V==500mA<br \/>\nOutput:5V==150mA<br \/>\nCharging Time:Approx.2h<br \/>\nStandby Time:Approx. 4months<br \/>\nBattery Capacity:300mAh<br \/>\nBattery Type:Lithium Polymer<br \/>\nNet Weight of a single earphone :about 5.0g<br \/>\nNet Weight of the charging box :about 35g<br \/>\nTotal Net Weight of the box:95g<br \/>\nOfficial Package including<br \/>\nx2 Earbuds<br \/>\nx4 Earbuds Cap<br \/>\nx1 Battery Case<br \/>\nx1 User Menu<\/p>\n<\/div>\n<div class=\"detailmodule_image\"><img decoding=\"async\" class=\"detail-desc-decorate-image\" src=\"https:\/\/ae01.alicdn.com\/kf\/Hdebb87b23da34d8c84704325ad10a6944.png\" \/><img decoding=\"async\" class=\"detail-desc-decorate-image\" src=\"https:\/\/ae01.alicdn.com\/kf\/H687e07b5e2db441086a16493bfe0e01ec.png\" \/><img decoding=\"async\" class=\"detail-desc-decorate-image\" src=\"https:\/\/ae01.alicdn.com\/kf\/Ha66af774909346d2aede068e4ca84452o.jpg\" \/><\/div>\n<div class=\"detailmodule_image\"><img decoding=\"async\" class=\"detail-desc-decorate-image\" src=\"https:\/\/ae01.alicdn.com\/kf\/H846c5b0946e94b65a5ce6359506b0043g.jpg\" \/><img decoding=\"async\" class=\"detail-desc-decorate-image\" src=\"https:\/\/ae01.alicdn.com\/kf\/H84f7aa6d7bfe4e90b3976857f9ef3cde4.jpg\" \/><img decoding=\"async\" class=\"detail-desc-decorate-image\" src=\"https:\/\/ae01.alicdn.com\/kf\/H39bc923773fe4a7a8b85156fd7328d28S.jpg\" \/><\/div>\n<div class=\"detailmodule_image\"><img decoding=\"async\" class=\"detail-desc-decorate-image\" src=\"https:\/\/ae01.alicdn.com\/kf\/Hee13067a4510485498702328d42eb1d9b.jpg\" \/><img fetchpriority=\"high\" decoding=\"async\" class=\"detail-desc-decorate-image\" src=\"https:\/\/ae01.alicdn.com\/kf\/Hb4d4ca718550486a809af431656862f8J.jpg\" width=\"944\" height=\"755\" \/><img decoding=\"async\" src=\"https:\/\/ae01.alicdn.com\/kf\/H0f6a3fa750f946fb92640b1786976676y.jpg\" \/><\/div>\n<div class=\"detailmodule_image\"><img decoding=\"async\" src=\"https:\/\/ae01.alicdn.com\/kf\/H57d25b8c2bb64ee6a18abc55b0b6fdd0E.jpg\" \/><img decoding=\"async\" src=\"https:\/\/ae01.alicdn.com\/kf\/Hb8c8e197866f4126b746172ea16930f1b.jpg\" \/><img decoding=\"async\" src=\"https:\/\/ae01.alicdn.com\/kf\/Hfa1dc2a7ea384a6cac98990ad751854cN.jpg\" \/><img decoding=\"async\" src=\"https:\/\/ae01.alicdn.com\/kf\/H2d7bd7fad64947ab979233a1767431c0K.jpg\" width=\"750\" height=\"750\" \/><img decoding=\"async\" class=\"detail-desc-decorate-image\" src=\"https:\/\/ae01.alicdn.com\/kf\/Hec52039b20c848c19d19adad6a6550abL.jpg\" \/><img decoding=\"async\" src=\"https:\/\/ae01.alicdn.com\/kf\/Hd0f9d535a81c40c0a519d9f64406e9ebj.png\" \/><img decoding=\"async\" src=\"https:\/\/ae01.alicdn.com\/kf\/Hcb34fa0d2a8748d6aacf0e5101db9915A.jpg\" \/><\/div>\n<div class=\"detailmodule_image\"><img decoding=\"async\" class=\"detail-desc-decorate-image\" src=\"https:\/\/ae01.alicdn.com\/kf\/H6580d07abf3940fcae25d639c31ad397h.jpg\" \/><\/div>\n<div class=\"detailmodule_text\">\n<p class=\"detail-desc-decorate-title\" style=\"font-family: OpenSans; font-size: 20px; font-weight: 900; line-height: 28px; margin-bottom: 12px;\">Frequent questions<\/p>\n<p class=\"detail-desc-decorate-content\" style=\"font-family: OpenSans; font-size: 14px; font-weight: 300; line-height: 20px; margin-bottom: 12px;\">1. I have two mobile phones, can Redmi AirDots 2 connect to two mobile phones at the same time?<br \/>\nRedmi AirDots 2 cannot connect to two mobile phones at the same time, and does not support one for two.<\/p>\n<p>2.Is my Redmi AirDots 2 waterproof?<br \/>\nThe earphone can reach IPX4 waterproof level, and the charging box is not waterproof.<\/p>\n<p>3.Can my Redmi AirDots 2 be connected to Xiaomi bracelet or other Bluetooth bracelets?<br \/>\nNot supported, because the headset and the Bluetooth bracelet belong to the same receiving terminal device, so they cannot be connected to each other.<\/p>\n<p>4. Will my Redmi AirDots 2 automatically shut down?<br \/>\nWhen the headset is outside the charging box, and is not connected or operated, it will automatically shut down in about 5 minutes.<\/p>\n<p>5.Can I adjust the volume through Redmi AirDots 2?<br \/>\nThe earphone itself cannot adjust the volume, it needs to be adjusted through the mobile phone.<\/p>\n<p>6. How do I see how much power is on my Redmi AirDots 2?<br \/>\nSupports checking the power of the headset on Apple phones and most Android phones, and only displays the power of the main headset.<\/p>\n<p>7. Is the voice clear during the call?<br \/>\nBecause the Bluetooth headset uses a single mic for radio, in a noisy environment, it may cause the other party to listen to the call with less sound. It is recommended to use the mobile phone to call directly in a noisy environment.<\/p>\n<p>8. What should I do when the left and right ears cannot be connected?<br \/>\nPut the two earphones into the charging box and take them out at the same time when the red light is on to start charging. The earphones will automatically power on and interconnect. If the connection still fails, please refer to the manual for reset operation.<\/p>\n<p>9.Is my Redmi AirDots 2 stable during calls, songs or games?<br \/>\nThe headset supports a connection distance of 10m in an obstacle-free environment, but due to the characteristics of Bluetooth, when there are a large number of Wi-Fi connections,<br \/>\nInterference caused by 4G signals, high-power electrical appliances, etc. may cause jams and intermittent situations.<\/p>\n<\/div>\n<p>&nbsp;<\/p>\n<p>&nbsp;<\/p>\n<p>&nbsp;<\/p>\n<p>&nbsp;<\/p>\n<p>&nbsp;<\/p>\n<p>&nbsp;<\/p>\n<p>&nbsp;<\/p>\n<p>&nbsp;<\/p>\n<p>&nbsp;<\/p>\n<p>&nbsp;<\/p>\n<p>&nbsp;<\/p>\n<p>&nbsp;<\/p>\n<p>&nbsp;<\/p>\n<p>&nbsp;<\/p>\n","protected":false},"excerpt":{"rendered":"<p>&nbsp; &nbsp; &nbsp; Sobre Dropshipping: &nbsp; 1. aceite dropshipping, e n\u00f3s n\u00e3o colocaremos nenhuma fatura, c\u00f3digos qr, promo\u00e7\u00f5es no envio, ent\u00e3o n\u00e3o se preocupe, basta compr\u00e1-lo, n\u00f3s faremos qualquer coisa bem para voc\u00ea. 2. garantimos que cada dispositivo seja testado com rigor antes de ser enviado para fora, para que todos os produtos possam garantir [&hellip;]<\/p>\n","protected":false},"featured_media":309,"template":"","meta":[],"product_cat":[125,16],"product_tag":[],"_links":{"self":[{"href":"https:\/\/vidatech.com.br\/loja\/wp-json\/wp\/v2\/product\/310"}],"collection":[{"href":"https:\/\/vidatech.com.br\/loja\/wp-json\/wp\/v2\/product"}],"about":[{"href":"https:\/\/vidatech.com.br\/loja\/wp-json\/wp\/v2\/types\/product"}],"wp:featuredmedia":[{"embeddable":true,"href":"https:\/\/vidatech.com.br\/loja\/wp-json\/wp\/v2\/media\/309"}],"wp:attachment":[{"href":"https:\/\/vidatech.com.br\/loja\/wp-json\/wp\/v2\/media?parent=310"}],"wp:term":[{"taxonomy":"product_cat","embeddable":true,"href":"https:\/\/vidatech.com.br\/loja\/wp-json\/wp\/v2\/product_cat?post=310"},{"taxonomy":"product_tag","embeddable":true,"href":"https:\/\/vidatech.com.br\/loja\/wp-json\/wp\/v2\/product_tag?post=310"}],"curies":[{"name":"wp","href":"https:\/\/api.w.org\/{rel}","templated":true}]}}