{"id":1660,"date":"2024-05-02T13:48:46","date_gmt":"2024-05-02T13:48:46","guid":{"rendered":"https:\/\/vidatech.com.br\/loja\/?page_id=1660"},"modified":"2024-05-02T13:49:39","modified_gmt":"2024-05-02T13:49:39","slug":"rastreie-o-seu-pedido","status":"publish","type":"page","link":"https:\/\/vidatech.com.br\/loja\/rastreie-o-seu-pedido\/","title":{"rendered":"Rastreie o seu pedido"},"content":{"rendered":"\t\t<div data-elementor-type=\"wp-page\" data-elementor-id=\"1660\" class=\"elementor elementor-1660\" data-elementor-post-type=\"page\">\n\t\t\t\t\t\t<section class=\"elementor-section elementor-top-section elementor-element elementor-element-c787160 elementor-section-boxed elementor-section-height-default elementor-section-height-default\" data-id=\"c787160\" data-element_type=\"section\">\n\t\t\t\t\t\t<div class=\"elementor-container elementor-column-gap-default\">\n\t\t\t\t\t<div class=\"elementor-column elementor-col-100 elementor-top-column elementor-element elementor-element-36d093c\" data-id=\"36d093c\" data-element_type=\"column\">\n\t\t\t<div class=\"elementor-widget-wrap elementor-element-populated\">\n\t\t\t\t\t\t<div class=\"elementor-element elementor-element-bd472a9 elementor-widget elementor-widget-spacer\" data-id=\"bd472a9\" data-element_type=\"widget\" data-widget_type=\"spacer.default\">\n\t\t\t\t<div class=\"elementor-widget-container\">\n\t\t\t<style>\/*! elementor - v3.21.0 - 30-04-2024 *\/\n.elementor-column .elementor-spacer-inner{height:var(--spacer-size)}.e-con{--container-widget-width:100%}.e-con-inner>.elementor-widget-spacer,.e-con>.elementor-widget-spacer{width:var(--container-widget-width,var(--spacer-size));--align-self:var(--container-widget-align-self,initial);--flex-shrink:0}.e-con-inner>.elementor-widget-spacer>.elementor-widget-container,.e-con>.elementor-widget-spacer>.elementor-widget-container{height:100%;width:100%}.e-con-inner>.elementor-widget-spacer>.elementor-widget-container>.elementor-spacer,.e-con>.elementor-widget-spacer>.elementor-widget-container>.elementor-spacer{height:100%}.e-con-inner>.elementor-widget-spacer>.elementor-widget-container>.elementor-spacer>.elementor-spacer-inner,.e-con>.elementor-widget-spacer>.elementor-widget-container>.elementor-spacer>.elementor-spacer-inner{height:var(--container-widget-height,var(--spacer-size))}.e-con-inner>.elementor-widget-spacer.elementor-widget-empty,.e-con>.elementor-widget-spacer.elementor-widget-empty{position:relative;min-height:22px;min-width:22px}.e-con-inner>.elementor-widget-spacer.elementor-widget-empty .elementor-widget-empty-icon,.e-con>.elementor-widget-spacer.elementor-widget-empty .elementor-widget-empty-icon{position:absolute;top:0;bottom:0;left:0;right:0;margin:auto;padding:0;width:22px;height:22px}<\/style>\t\t<div class=\"elementor-spacer\">\n\t\t\t<div class=\"elementor-spacer-inner\"><\/div>\n\t\t<\/div>\n\t\t\t\t<\/div>\n\t\t\t\t<\/div>\n\t\t\t\t<div class=\"elementor-element elementor-element-e502a6d elementor-widget elementor-widget-image\" data-id=\"e502a6d\" data-element_type=\"widget\" data-widget_type=\"image.default\">\n\t\t\t\t<div class=\"elementor-widget-container\">\n\t\t\t<style>\/*! elementor - v3.21.0 - 30-04-2024 *\/\n.elementor-widget-image{text-align:center}.elementor-widget-image a{display:inline-block}.elementor-widget-image a img[src$=\".svg\"]{width:48px}.elementor-widget-image img{vertical-align:middle;display:inline-block}<\/style>\t\t\t\t\t\t\t\t\t\t<img decoding=\"async\" src=\"https:\/\/vidatech.com.br\/loja\/wp-content\/uploads\/elementor\/thumbs\/cmspages-CorreiosLog_large-qnkkvywjch55fa2wcn4s3tajnyxl52pkh36z9yrwye.png\" title=\"cmspages-CorreiosLog_large.png\" alt=\"cmspages-CorreiosLog_large.png\" loading=\"lazy\" \/>\t\t\t\t\t\t\t\t\t\t\t\t\t<\/div>\n\t\t\t\t<\/div>\n\t\t\t\t<div class=\"elementor-element elementor-element-07946eb elementor-widget elementor-widget-heading\" data-id=\"07946eb\" data-element_type=\"widget\" data-widget_type=\"heading.default\">\n\t\t\t\t<div class=\"elementor-widget-container\">\n\t\t\t<style>\/*! elementor - v3.21.0 - 30-04-2024 *\/\n.elementor-heading-title{padding:0;margin:0;line-height:1}.elementor-widget-heading .elementor-heading-title[class*=elementor-size-]>a{color:inherit;font-size:inherit;line-height:inherit}.elementor-widget-heading .elementor-heading-title.elementor-size-small{font-size:15px}.elementor-widget-heading .elementor-heading-title.elementor-size-medium{font-size:19px}.elementor-widget-heading .elementor-heading-title.elementor-size-large{font-size:29px}.elementor-widget-heading .elementor-heading-title.elementor-size-xl{font-size:39px}.elementor-widget-heading .elementor-heading-title.elementor-size-xxl{font-size:59px}<\/style><h3 class=\"elementor-heading-title elementor-size-default\">Fa\u00e7a o rastreamento do seu pedido<\/h3>\t\t<\/div>\n\t\t\t\t<\/div>\n\t\t\t\t<div class=\"elementor-element elementor-element-db1c6a7 elementor-widget elementor-widget-text-editor\" data-id=\"db1c6a7\" data-element_type=\"widget\" data-widget_type=\"text-editor.default\">\n\t\t\t\t<div class=\"elementor-widget-container\">\n\t\t\t<style>\/*! elementor - v3.21.0 - 30-04-2024 *\/\n.elementor-widget-text-editor.elementor-drop-cap-view-stacked .elementor-drop-cap{background-color:#69727d;color:#fff}.elementor-widget-text-editor.elementor-drop-cap-view-framed .elementor-drop-cap{color:#69727d;border:3px solid;background-color:transparent}.elementor-widget-text-editor:not(.elementor-drop-cap-view-default) .elementor-drop-cap{margin-top:8px}.elementor-widget-text-editor:not(.elementor-drop-cap-view-default) .elementor-drop-cap-letter{width:1em;height:1em}.elementor-widget-text-editor .elementor-drop-cap{float:left;text-align:center;line-height:1;font-size:50px}.elementor-widget-text-editor .elementor-drop-cap-letter{display:inline-block}<\/style>\t\t\t\t<div style=\"text-align: center;\" align=\"center\"><div id=\"shopify-section-page-contact-template\" class=\"shopify-section\"><div class=\"container container--narrow\"><header class=\"page__header page__header--stack page__header--centered\"><div class=\"page__description rte\"><div>\u00a0<\/div><div>\u00a0<\/div><\/div><\/header><\/div><\/div><div id=\"rastreio\"><div id=\"container-ninja\" class=\"container container-ninja\"><div class=\"row-rn align-items-center-rn\"><div class=\"col-rn-12 col-rn-md-7 col-rn-lg-6 order-md-1 col-rn-centered aos-init aos-animate\" data-aos=\"fade-up\"><div class=\"form-group text-center-rn text-md-left-rn\"><p style=\"text-align: center;\" align=\"justify\">Digite seu c\u00f3digo de rastreamento:<\/p><form class=\"__web-inspector-hide-shortcut__ \" action=\"https:\/\/track.ebanx.com\/t\/%20\" method=\"GET\" name=\"rastreamento\" target=\"popup\"><p><input id=\"objetos\" name=\"trackingCode\" type=\"text\" \/><\/p><p><button class=\"rastreio\" type=\"submit\">RASTREAR PEDIDO<\/button><\/p><\/form><p>\u00a0<\/p><\/div><\/div><\/div><\/div><\/div><\/div><p align=\"justify\">\u00a0<\/p>\t\t\t\t\t\t<\/div>\n\t\t\t\t<\/div>\n\t\t\t\t<div class=\"elementor-element elementor-element-311a55d elementor-widget elementor-widget-text-editor\" data-id=\"311a55d\" data-element_type=\"widget\" data-widget_type=\"text-editor.default\">\n\t\t\t\t<div class=\"elementor-widget-container\">\n\t\t\t\t\t\t\t<div style=\"text-align: center;\" align=\"center\">\n<div id=\"rastreio\">\n<div id=\"container-ninja\" class=\"container container-ninja\">\n<div class=\"row-rn align-items-center-rn\">\n<div class=\"col-rn-12 col-rn-md-7 col-rn-lg-6 order-md-1 col-rn-centered aos-init aos-animate\" data-aos=\"fade-up\">\n<div class=\"form-group text-center-rn text-md-left-rn\">\n\nOU RASTREIE USANDO UM\nDOS LINKS ABAIXO:\n\n<\/div>\n<\/div>\n<\/div>\n<\/div>\n<\/div>\n<a href=\"https:\/\/www.17track.net\/pt\" target=\"_blank\" rel=\"noopener noreferrer\">https:\/\/www.17track.net\/pt<\/a><br>\n\n<a class=\"text-link\" title=\"Rastreamento dos Correios\" href=\"http:\/\/www.correios.com.br\/sistemas\/rastreamento\" target=\"_blank\" rel=\"noopener noreferrer\">http:\/\/www.correios.com.br\/sistemas\/rastreamento<\/a><br>\n\n<a class=\"text-link\" href=\"http:\/\/global.cainiao.com\/\" target=\"_blank\" rel=\"noopener noreferrer\">http:\/\/global.cainiao.com<\/a><br>\n<p style=\"text-align: left;\"><\/p>\n\n<\/div>\n<p style=\"text-align: center;\" align=\"justify\"><\/p>\t\t\t\t\t\t<\/div>\n\t\t\t\t<\/div>\n\t\t\t\t<div class=\"elementor-element elementor-element-117c45f elementor-widget-divider--view-line elementor-widget elementor-widget-divider\" data-id=\"117c45f\" data-element_type=\"widget\" data-widget_type=\"divider.default\">\n\t\t\t\t<div class=\"elementor-widget-container\">\n\t\t\t<style>\/*! elementor - v3.21.0 - 30-04-2024 *\/\n.elementor-widget-divider{--divider-border-style:none;--divider-border-width:1px;--divider-color:#0c0d0e;--divider-icon-size:20px;--divider-element-spacing:10px;--divider-pattern-height:24px;--divider-pattern-size:20px;--divider-pattern-url:none;--divider-pattern-repeat:repeat-x}.elementor-widget-divider .elementor-divider{display:flex}.elementor-widget-divider .elementor-divider__text{font-size:15px;line-height:1;max-width:95%}.elementor-widget-divider .elementor-divider__element{margin:0 var(--divider-element-spacing);flex-shrink:0}.elementor-widget-divider .elementor-icon{font-size:var(--divider-icon-size)}.elementor-widget-divider .elementor-divider-separator{display:flex;margin:0;direction:ltr}.elementor-widget-divider--view-line_icon .elementor-divider-separator,.elementor-widget-divider--view-line_text .elementor-divider-separator{align-items:center}.elementor-widget-divider--view-line_icon .elementor-divider-separator:after,.elementor-widget-divider--view-line_icon .elementor-divider-separator:before,.elementor-widget-divider--view-line_text .elementor-divider-separator:after,.elementor-widget-divider--view-line_text .elementor-divider-separator:before{display:block;content:\"\";border-block-end:0;flex-grow:1;border-block-start:var(--divider-border-width) var(--divider-border-style) var(--divider-color)}.elementor-widget-divider--element-align-left .elementor-divider .elementor-divider-separator>.elementor-divider__svg:first-of-type{flex-grow:0;flex-shrink:100}.elementor-widget-divider--element-align-left .elementor-divider-separator:before{content:none}.elementor-widget-divider--element-align-left .elementor-divider__element{margin-left:0}.elementor-widget-divider--element-align-right .elementor-divider .elementor-divider-separator>.elementor-divider__svg:last-of-type{flex-grow:0;flex-shrink:100}.elementor-widget-divider--element-align-right .elementor-divider-separator:after{content:none}.elementor-widget-divider--element-align-right .elementor-divider__element{margin-right:0}.elementor-widget-divider--element-align-start .elementor-divider .elementor-divider-separator>.elementor-divider__svg:first-of-type{flex-grow:0;flex-shrink:100}.elementor-widget-divider--element-align-start .elementor-divider-separator:before{content:none}.elementor-widget-divider--element-align-start .elementor-divider__element{margin-inline-start:0}.elementor-widget-divider--element-align-end .elementor-divider .elementor-divider-separator>.elementor-divider__svg:last-of-type{flex-grow:0;flex-shrink:100}.elementor-widget-divider--element-align-end .elementor-divider-separator:after{content:none}.elementor-widget-divider--element-align-end .elementor-divider__element{margin-inline-end:0}.elementor-widget-divider:not(.elementor-widget-divider--view-line_text):not(.elementor-widget-divider--view-line_icon) .elementor-divider-separator{border-block-start:var(--divider-border-width) var(--divider-border-style) var(--divider-color)}.elementor-widget-divider--separator-type-pattern{--divider-border-style:none}.elementor-widget-divider--separator-type-pattern.elementor-widget-divider--view-line .elementor-divider-separator,.elementor-widget-divider--separator-type-pattern:not(.elementor-widget-divider--view-line) .elementor-divider-separator:after,.elementor-widget-divider--separator-type-pattern:not(.elementor-widget-divider--view-line) .elementor-divider-separator:before,.elementor-widget-divider--separator-type-pattern:not([class*=elementor-widget-divider--view]) .elementor-divider-separator{width:100%;min-height:var(--divider-pattern-height);-webkit-mask-size:var(--divider-pattern-size) 100%;mask-size:var(--divider-pattern-size) 100%;-webkit-mask-repeat:var(--divider-pattern-repeat);mask-repeat:var(--divider-pattern-repeat);background-color:var(--divider-color);-webkit-mask-image:var(--divider-pattern-url);mask-image:var(--divider-pattern-url)}.elementor-widget-divider--no-spacing{--divider-pattern-size:auto}.elementor-widget-divider--bg-round{--divider-pattern-repeat:round}.rtl .elementor-widget-divider .elementor-divider__text{direction:rtl}.e-con-inner>.elementor-widget-divider,.e-con>.elementor-widget-divider{width:var(--container-widget-width,100%);--flex-grow:var(--container-widget-flex-grow)}<\/style>\t\t<div class=\"elementor-divider\">\n\t\t\t<span class=\"elementor-divider-separator\">\n\t\t\t\t\t\t<\/span>\n\t\t<\/div>\n\t\t\t\t<\/div>\n\t\t\t\t<\/div>\n\t\t\t\t<div class=\"elementor-element elementor-element-39c27e3 elementor-widget elementor-widget-text-editor\" data-id=\"39c27e3\" data-element_type=\"widget\" data-widget_type=\"text-editor.default\">\n\t\t\t\t<div class=\"elementor-widget-container\">\n\t\t\t\t\t\t\t<p align=\"center\">INSTRU\u00c7\u00d5ES:<\/p><p align=\"justify\">Insira seu c\u00f3digo de rastreamento no\u00a0campo acima. \u00c9 um c\u00f3digo grande, formado por letras e n\u00fameros, de no\u00a0m\u00ednimo 13 d\u00edgitos.<\/p><p align=\"justify\">Ele \u00e9 enviado em at\u00e9\u00a05 dias\u00a0ap\u00f3s a confirma\u00e7\u00e3o de sua compra. Caso j\u00e1 tenha passado esse tempo e voc\u00ea n\u00e3o tenha recebido, entre em contato conosco!<\/p><p align=\"justify\">Devido ao\u00a0covid-19\u00a0os c\u00f3digos de rastreio est\u00e3o demorando mais tempo que o normal para serem atualizados. Fique tranquilo, os pedidos est\u00e3o sendo processados normalmente.\u00a0A estimativa de entrega est\u00e1 entre 15 a 35 dias \u00fateis a partir da aprova\u00e7\u00e3o do pagamento.\u00a0O c\u00f3digo de rastreio ir\u00e1 ser atualizado automaticamente em at\u00e9 10 dias \u00fateis. Qualquer d\u00favida entre em contato conosco pelo e-mail.<\/p>\t\t\t\t\t\t<\/div>\n\t\t\t\t<\/div>\n\t\t\t\t<div class=\"elementor-element elementor-element-26a1741 elementor-widget elementor-widget-spacer\" data-id=\"26a1741\" data-element_type=\"widget\" data-widget_type=\"spacer.default\">\n\t\t\t\t<div class=\"elementor-widget-container\">\n\t\t\t\t\t<div class=\"elementor-spacer\">\n\t\t\t<div class=\"elementor-spacer-inner\"><\/div>\n\t\t<\/div>\n\t\t\t\t<\/div>\n\t\t\t\t<\/div>\n\t\t\t\t\t<\/div>\n\t\t<\/div>\n\t\t\t\t\t<\/div>\n\t\t<\/section>\n\t\t\t\t<\/div>\n\t\t","protected":false},"excerpt":{"rendered":"<p>Fa\u00e7a o rastreamento do seu pedido \u00a0\u00a0 Digite seu c\u00f3digo de rastreamento: RASTREAR PEDIDO \u00a0 \u00a0 OU RASTREIE USANDO UM DOS LINKS ABAIXO: https:\/\/www.17track.net\/pt http:\/\/www.correios.com.br\/sistemas\/rastreamento http:\/\/global.cainiao.com INSTRU\u00c7\u00d5ES: Insira seu c\u00f3digo de rastreamento no\u00a0campo acima. \u00c9 um c\u00f3digo grande, formado por letras e n\u00fameros, de no\u00a0m\u00ednimo 13 d\u00edgitos. Ele \u00e9 enviado em at\u00e9\u00a05 dias\u00a0ap\u00f3s a confirma\u00e7\u00e3o [&hellip;]<\/p>\n","protected":false},"author":1,"featured_media":0,"parent":0,"menu_order":0,"comment_status":"closed","ping_status":"closed","template":"","meta":{"footnotes":""},"_links":{"self":[{"href":"https:\/\/vidatech.com.br\/loja\/wp-json\/wp\/v2\/pages\/1660"}],"collection":[{"href":"https:\/\/vidatech.com.br\/loja\/wp-json\/wp\/v2\/pages"}],"about":[{"href":"https:\/\/vidatech.com.br\/loja\/wp-json\/wp\/v2\/types\/page"}],"author":[{"embeddable":true,"href":"https:\/\/vidatech.com.br\/loja\/wp-json\/wp\/v2\/users\/1"}],"replies":[{"embeddable":true,"href":"https:\/\/vidatech.com.br\/loja\/wp-json\/wp\/v2\/comments?post=1660"}],"version-history":[{"count":4,"href":"https:\/\/vidatech.com.br\/loja\/wp-json\/wp\/v2\/pages\/1660\/revisions"}],"predecessor-version":[{"id":1665,"href":"https:\/\/vidatech.com.br\/loja\/wp-json\/wp\/v2\/pages\/1660\/revisions\/1665"}],"wp:attachment":[{"href":"https:\/\/vidatech.com.br\/loja\/wp-json\/wp\/v2\/media?parent=1660"}],"curies":[{"name":"wp","href":"https:\/\/api.w.org\/{rel}","templated":true}]}}